{"id":3717,"date":"2025-11-12T10:58:02","date_gmt":"2025-11-12T03:58:02","guid":{"rendered":"https:\/\/diennangluongmattroihanam.com\/?post_type=product&#038;p=3717"},"modified":"2025-11-12T10:58:02","modified_gmt":"2025-11-12T03:58:02","slug":"luxpower-hybrid-sna-6k","status":"publish","type":"product","link":"https:\/\/diennangluongmattroihanam.com\/?product=luxpower-hybrid-sna-6k","title":{"rendered":"LUXPOWER HYBRID SNA 6K"},"content":{"rendered":"","protected":false},"excerpt":{"rendered":"<p>Th\u1ebf h\u1ec7 m\u1edbi nh\u1ea5t c\u1ee7a Hybrid qu\u1ed1c d\u00e2n LuxPower SNA 6kW \u0111\u00e3 qu\u00e1 quen thu\u1ed9c v\u1edbi nh\u1eefng ng\u01b0\u1eddi d\u00f9ng NLMT t\u1ea1i Vi\u1ec7t Nam v\u00e0 tr\u1edf th\u00e0nh d\u00f2ng Hybrid c\u00f3 th\u1ecb ph\u1ea7n s\u1ed1 1 tr\u00ean th\u1ecb tr\u01b0\u1eddng nh\u1edd v\u00e0o nh\u1eefng t\u00ednh n\u0103ng \u01b0u vi\u1ec7t, th\u00f4ng minh m\u00e0 gi\u00e1 th\u00e0nh c\u1ef1c k\u00ec ph\u1ea3i ch\u0103ng. B\u00ean c\u1ea1nh \u0111\u00f3 s\u1ea3n ph\u1ea9m c\u00f3 c\u00e1c \u01b0u \u0111i\u1ec3m nh\u01b0:<\/p>\n<div>\n<ul>\n<li>Ch\u1ea1y \u0111\u1ea7y \u0111\u1ee7 t\u00ednh n\u0103ng Hybrid full: PV on grid, Battery on grid v\u00e0 PV + Battery on grid.<\/li>\n<li>MPPT m\u1edbi cho ph\u00e9p 9.6kW v\u1edbi 2 k\u00eanh ri\u00eang bi\u1ec7t ch\u1ecbu d\u00f2ng ng\u1eafn m\u1ea1ch 25A m\u1ed7i k\u00eanh, d\u00f2ng ho\u1ea1t \u0111\u1ed9ng 17A li\u00ean t\u1ee5c.<\/li>\n<\/ul>\n<div>\n<ul>\n<li>K\u1ebft n\u1ed1i song song t\u1ed1i \u0111a 16 m\u00e1y \u0111\u1ec3 t\u0103ng c\u00f4ng su\u1ea5t cho h\u1ec7 1 pha, 3 pha.<\/li>\n<li>Board m\u1ea1ch \u0111\u01b0\u1ee3c thi\u1ebft k\u1ebf l\u1ea1i v\u00e0 ph\u1ee7 l\u1edbp keo UV coating b\u1ea3o v\u1ec7 d\u00e0y 0.5-1mm.<\/li>\n<\/ul>\n<div>\n<ul>\n<li>H\u1ed7 tr\u1ee3 c\u1ed5ng m\u00e1y ph\u00e1t \u0111\u1ea7u v\u00e0o v\u1edbi t\u00ednh n\u0103ng \u0111i\u1ec1u khi\u1ec3n kh\u1edfi \u0111\u1ed9ng m\u00e1y ph\u00e1t th\u00f4ng minh.<\/li>\n<li>B\u1ea3o h\u00e0nh 3 n\u0103m \u0111\u1ed1i v\u1edbi th\u1ecb tr\u01b0\u1eddng Vi\u1ec7t Nam.<\/li>\n<li>N\u1ec1n t\u1ea3ng th\u00f4ng minh cho ph\u00e9p c\u1eadp nh\u1eadt ph\u1ea7n m\u1ec1m t\u1eeb xa, c\u00e0i \u0111\u1eb7t t\u1eeb xa tr\u00ean Web\/App cho c\u1ea3 ng\u01b0\u1eddi d\u00f9ng v\u00e0 \u0111\u1ea1i l\u00fd.<\/li>\n<\/ul>\n<\/div>\n<\/div>\n<\/div>\n","protected":false},"featured_media":3718,"template":"","meta":{"_acf_changed":false},"product_brand":[],"product_cat":[197],"product_tag":[],"class_list":{"0":"post-3717","1":"product","2":"type-product","3":"status-publish","4":"has-post-thumbnail","6":"product_cat-hang-moi-ve","8":"first","9":"instock","10":"shipping-taxable","11":"product-type-simple"},"acf":[],"_links":{"self":[{"href":"https:\/\/diennangluongmattroihanam.com\/index.php?rest_route=\/wp\/v2\/product\/3717","targetHints":{"allow":["GET"]}}],"collection":[{"href":"https:\/\/diennangluongmattroihanam.com\/index.php?rest_route=\/wp\/v2\/product"}],"about":[{"href":"https:\/\/diennangluongmattroihanam.com\/index.php?rest_route=\/wp\/v2\/types\/product"}],"wp:featuredmedia":[{"embeddable":true,"href":"https:\/\/diennangluongmattroihanam.com\/index.php?rest_route=\/wp\/v2\/media\/3718"}],"wp:attachment":[{"href":"https:\/\/diennangluongmattroihanam.com\/index.php?rest_route=%2Fwp%2Fv2%2Fmedia&parent=3717"}],"wp:term":[{"taxonomy":"product_brand","embeddable":true,"href":"https:\/\/diennangluongmattroihanam.com\/index.php?rest_route=%2Fwp%2Fv2%2Fproduct_brand&post=3717"},{"taxonomy":"product_cat","embeddable":true,"href":"https:\/\/diennangluongmattroihanam.com\/index.php?rest_route=%2Fwp%2Fv2%2Fproduct_cat&post=3717"},{"taxonomy":"product_tag","embeddable":true,"href":"https:\/\/diennangluongmattroihanam.com\/index.php?rest_route=%2Fwp%2Fv2%2Fproduct_tag&post=3717"}],"curies":[{"name":"wp","href":"https:\/\/api.w.org\/{rel}","templated":true}]}}