{"id":3715,"date":"2025-11-12T10:55:59","date_gmt":"2025-11-12T03:55:59","guid":{"rendered":"https:\/\/diennangluongmattroihanam.com\/?post_type=product&#038;p=3715"},"modified":"2025-11-12T10:55:59","modified_gmt":"2025-11-12T03:55:59","slug":"luxpower-hybrid-sna-5k","status":"publish","type":"product","link":"https:\/\/diennangluongmattroihanam.com\/?product=luxpower-hybrid-sna-5k","title":{"rendered":"LUXPOWER HYBRID SNA 5K"},"content":{"rendered":"","protected":false},"excerpt":{"rendered":"<p>Hybrid Luxpower SNA 5KW l\u00e0 m\u1ed9t s\u1ea3n ph\u1ea9m th\u00f4ng minh k\u1ebft h\u1ee3p \u0111\u1ed3ng th\u1eddi t\u1eeb 3 ngu\u1ed3n l\u00e0 \u0111i\u1ec7n m\u1eb7t tr\u1eddi, battery l\u01b0u tr\u1eef v\u00e0 \u0111i\u1ec7n l\u01b0\u1edbi. V\u1edbi c\u00f4ng su\u1ea5t 5 KW, h\u1ec7 th\u1ed1ng n\u00e0y cung c\u1ea5p \u0111\u1ee7 \u0111i\u1ec7n cho gia \u0111\u00ecnh ho\u1eb7c doanh nghi\u1ec7p v\u1eeba v\u00e0 nh\u1ecf.<\/p>\n<p>H\u1ec7 th\u1ed1ng c\u00f3 thi\u1ebft k\u1ebf ti\u00ean ti\u1ebfn v\u1edbi m\u00e0n h\u00ecnh hi\u1ec3n th\u1ecb chi ti\u1ebft v\u1ec1 s\u1ea3n l\u01b0\u1ee3ng \u0111i\u1ec7n v\u00e0 ti\u00eau th\u1ee5, c\u00f3 wifi v\u00e0 h\u1ec7 th\u1ed1ng l\u01b0u tr\u1eef \u0111\u00e1m m\u00e2y gi\u00fap cho b\u1ea1n d\u1ec5 d\u00e0ng theo d\u00f5i v\u00e0 qu\u1ea3n l\u00fd t\u00ecnh tr\u1ea1ng h\u1ec7 th\u1ed1ng tr\u1ef1c ti\u1ebfp tr\u00ean m\u00e0n h\u00ecnh ho\u1eb7c t\u1eeb xa tr\u00ean \u0111i\u1ec7n tho\u1ea1i qua app ho\u1eb7c web.<\/p>\n<p>V\u1edbi t\u00ednh n\u0103ng t\u1ef1 \u0111\u1ed9ng chuy\u1ec3n \u0111\u1ed5i gi\u1eefa c\u00e1c ngu\u1ed3n \u0111i\u1ec7n, h\u1ec7 th\u1ed1ng s\u1ebd t\u1ef1 \u0111\u1ed9ng chuy\u1ec3n sang ngu\u1ed3n \u0111i\u1ec7n l\u01b0\u1edbi n\u1ebfu c\u00f3 s\u1ef1 c\u1ed1 v\u1edbi m\u1eb7t tr\u1eddi ho\u1eb7c ng\u01b0\u1ee3c l\u1ea1i. \u0110i\u1ec1u n\u00e0y gi\u00fap \u0111\u1ea3m b\u1ea3o s\u1ef1 li\u00ean t\u1ee5c v\u00e0 an to\u00e0n trong vi\u1ec7c cung c\u1ea5p \u0111i\u1ec7n.<\/p>\n<p>\u2013 C\u00e0i \u0111\u1eb7t ch\u1ebf \u0111\u1ed9 on grid, off grid \u0111\u1ea7y \u0111\u1ee7<br \/>\n\u2013 MPPT \u0111\u1ea7u v\u00e0o t\u1ed1i \u0111a 6kw 120-480VDC<br \/>\n\u2013 C\u00f4ng su\u1ea5t \u0111\u1ea7u ra on-grid, backup 5kw PF=1.0<br \/>\n\u2013 C\u00e0i \u0111\u1eb7t ch\u1ebf \u0111\u1ed9 \u0111\u1ed9c l\u1eadp, b\u00e1m t\u1ea3i, \u0111\u1ea9y l\u01b0\u1edbi, c\u00e0i c\u00f4ng su\u1ea5t \u0111\u1ea9y l\u00ean l\u01b0\u1edbi<br \/>\n\u2013 Ch\u1ea1y \u0111\u1ed9c l\u1eadp khi m\u1ea5t l\u01b0\u1edbi, k\u1ebft h\u1ee3p m\u00e1y ph\u00e1t \u0111i\u1ec7n, \u0111i\u1ec1u khi\u1ec3n th\u00f4ng minh<br \/>\n\u2013 C\u00f3 th\u1ec3 ch\u1ea1y tr\u1ef1c ti\u1ebfp t\u1eeb PV c\u1ea3 ch\u1ebf \u0111\u1ed9 on grid v\u00e0 off grid<br \/>\n\u2013 H\u00f5 tr\u1ee3 pin Lithium ho\u1eb7c Acquy 48V v\u1edbi dung l\u01b0\u1ee3ng kh\u00f4ng gi\u1edbi h\u1ea1n<br \/>\n\u2013 H\u1ed7 tr\u1ee3 k\u00edch ho\u1ea1t BMS pin Lithium \u0111\u1ec3 kh\u1edfi \u0111\u1ed9ng ban \u0111\u1ea7u<br \/>\n\u2013 C\u00e0i \u0111\u1eb7t gi\u1edbi h\u1ea1n c\u00f4ng su\u1ea5t s\u1ea1c, c\u00f4ng su\u1ea5t x\u1ea3 \u0111\u1ec3 b\u1ea3o v\u1ec7 acquy<br \/>\n\u2013 C\u00e0i \u0111\u1eb7t ng\u01b0\u1ee1ng s\u1ea1c x\u1ea3 theo \u0111i\u1ec7n \u00e1p ho\u1eb7c %<br \/>\n\u2013 C\u00e0i \u0111\u1eb7t th\u1eddi gian s\u1ea1c v\u00e0 c\u00f4ng su\u1ea5t s\u1ea1c AC<br \/>\n\u2013 T\u00edch h\u1ee3p wifi v\u1edbi n\u1ec1n t\u1ea3ng qu\u1ea3n l\u00fd th\u00f4ng minh<br \/>\n\u2013 Theo d\u00f5i, c\u00e0i \u0111\u1eb7t v\u00e0 n\u00e2ng c\u1ea5p ph\u1ea7n m\u1ec1m t\u1eeb xa qua wifi<br \/>\n\u2013 H\u1ed7 tr\u1ee3 theo d\u00f5i c\u00e0i \u0111\u1eb7t tr\u00ean c\u00e1c n\u1ec1n t\u1ea3ng Web\/IOS\/Android<br \/>\n\u2013 B\u1ea3o h\u00e0nh ch\u00ednh h\u00e3ng 2 n\u0103m, b\u1ea3o h\u00e0nh nhanh t\u1ea1i Vi\u1ec7t Nam.<\/p>\n","protected":false},"featured_media":3716,"template":"","meta":{"_acf_changed":false},"product_brand":[],"product_cat":[197],"product_tag":[],"class_list":{"0":"post-3715","1":"product","2":"type-product","3":"status-publish","4":"has-post-thumbnail","6":"product_cat-hang-moi-ve","8":"first","9":"instock","10":"shipping-taxable","11":"product-type-simple"},"acf":[],"_links":{"self":[{"href":"https:\/\/diennangluongmattroihanam.com\/index.php?rest_route=\/wp\/v2\/product\/3715","targetHints":{"allow":["GET"]}}],"collection":[{"href":"https:\/\/diennangluongmattroihanam.com\/index.php?rest_route=\/wp\/v2\/product"}],"about":[{"href":"https:\/\/diennangluongmattroihanam.com\/index.php?rest_route=\/wp\/v2\/types\/product"}],"wp:featuredmedia":[{"embeddable":true,"href":"https:\/\/diennangluongmattroihanam.com\/index.php?rest_route=\/wp\/v2\/media\/3716"}],"wp:attachment":[{"href":"https:\/\/diennangluongmattroihanam.com\/index.php?rest_route=%2Fwp%2Fv2%2Fmedia&parent=3715"}],"wp:term":[{"taxonomy":"product_brand","embeddable":true,"href":"https:\/\/diennangluongmattroihanam.com\/index.php?rest_route=%2Fwp%2Fv2%2Fproduct_brand&post=3715"},{"taxonomy":"product_cat","embeddable":true,"href":"https:\/\/diennangluongmattroihanam.com\/index.php?rest_route=%2Fwp%2Fv2%2Fproduct_cat&post=3715"},{"taxonomy":"product_tag","embeddable":true,"href":"https:\/\/diennangluongmattroihanam.com\/index.php?rest_route=%2Fwp%2Fv2%2Fproduct_tag&post=3715"}],"curies":[{"name":"wp","href":"https:\/\/api.w.org\/{rel}","templated":true}]}}