{"id":3713,"date":"2025-11-11T15:25:39","date_gmt":"2025-11-11T08:25:39","guid":{"rendered":"https:\/\/diennangluongmattroihanam.com\/?post_type=product&#038;p=3713"},"modified":"2025-11-11T15:25:39","modified_gmt":"2025-11-11T08:25:39","slug":"luxpower-sna-12k","status":"publish","type":"product","link":"https:\/\/diennangluongmattroihanam.com\/?product=luxpower-sna-12k","title":{"rendered":"LUXPOWER SNA 12K"},"content":{"rendered":"","protected":false},"excerpt":{"rendered":"<div class=\"content\">\n<div class=\"xdj266r x11i5rnm xat24cr x1mh8g0r x1vvkbs x126k92a\">\n<div dir=\"auto\">Luxpower SNA 12K \u2013 Hybrid ph\u00e2n kh\u00fac ph\u1ed5 th\u00f4ng c\u1ee7a LuxPower v\u1edbi c\u1ea5u h\u00ecnh si\u00eau kh\u1ee7ng, h\u1ee9a h\u1eb9n s\u1ebd l\u00e0m m\u01b0a l\u00e0m gi\u00f3 tr\u00ean th\u1ecb tr\u01b0\u1eddng n\u0103ng l\u01b0\u1ee3ng m\u1eb7t tr\u1eddi!<\/div>\n<div dir=\"auto\">V\u1edbi c\u00f4ng su\u1ea5t PV \u0111\u1ea7u v\u00e0o l\u00ean t\u1edbi 24kW, SNA 12K kh\u00f4ng ch\u1ec9 c\u00f3 kh\u1ea3 n\u0103ng s\u1ea1c \u1ea5n t\u01b0\u1ee3ng l\u00ean \u0111\u1ebfn 12kW m\u00e0 c\u00f2n c\u00f3 th\u1ec3 cung c\u1ea5p ngu\u1ed3n \u0111i\u1ec7n li\u00ean t\u1ee5c 12kW cho c\u00e1c thi\u1ebft b\u1ecb c\u1ee7a b\u1ea1n.<\/div>\n<div dir=\"auto\">\n<div>\n<p>\u2013 C\u00f4ng su\u1ea5t PV \u0111\u1ea7u v\u00e0o l\u00ean t\u1edbi 24kW<\/p>\n<p>\u2013 C\u00f4ng su\u1ea5t s\u1ea1c\/x\u1ea3, backup 12kW li\u00ean t\u1ee5c, ch\u1ecbu t\u1ea3i t\u1ee9c th\u1eddi 24kW<\/p>\n<p>\u2013 K\u1ebft n\u1ed1i song song 6 m\u00e1y \u0111\u1ec3 t\u0103ng c\u00f4ng su\u1ea5t cho h\u1ec7 1 pha, 3 pha<\/p>\n<p>\u2013 \u0110i\u1ec1u khi\u1ec3n t\u1ea3i th\u00f4ng minh smartload \u0111\u1ec3 t\u1eadn d\u1ee5ng n\u0103ng l\u01b0\u1ee3ng d\u01b0 th\u1eeba<\/p>\n<p>\u2013 M\u00e0n h\u00ecnh LCD, theo d\u00f5i tr\u1ef1c quan, c\u00e0i \u0111\u1eb7t d\u1ec5 d\u00e0ng<\/p>\n<p>\u2013 C\u00f4ng su\u1ea5t m\u00e1y ph\u00e1t \u0111i\u1ec7n\/\u0111\u1ea7u v\u00e0o AC l\u00ean t\u1edbi 15kW<\/p>\n<p>\u2013 B\u1ea3o h\u00e0nh 3 n\u0103m \u0111\u1ed1i v\u1edbi th\u1ecb tr\u01b0\u1eddng Vi\u1ec7t Nam<\/p>\n<\/div>\n<\/div>\n<\/div>\n<\/div>\n<div class=\"hot_line\">Hotline:\u00a0<strong><a href=\"tel:0982 981 113\">0911 903 965<\/a><\/strong><\/div>\n","protected":false},"featured_media":3714,"template":"","meta":{"_acf_changed":false},"product_brand":[],"product_cat":[197],"product_tag":[],"class_list":{"0":"post-3713","1":"product","2":"type-product","3":"status-publish","4":"has-post-thumbnail","6":"product_cat-hang-moi-ve","8":"first","9":"instock","10":"shipping-taxable","11":"product-type-simple"},"acf":[],"_links":{"self":[{"href":"https:\/\/diennangluongmattroihanam.com\/index.php?rest_route=\/wp\/v2\/product\/3713","targetHints":{"allow":["GET"]}}],"collection":[{"href":"https:\/\/diennangluongmattroihanam.com\/index.php?rest_route=\/wp\/v2\/product"}],"about":[{"href":"https:\/\/diennangluongmattroihanam.com\/index.php?rest_route=\/wp\/v2\/types\/product"}],"wp:featuredmedia":[{"embeddable":true,"href":"https:\/\/diennangluongmattroihanam.com\/index.php?rest_route=\/wp\/v2\/media\/3714"}],"wp:attachment":[{"href":"https:\/\/diennangluongmattroihanam.com\/index.php?rest_route=%2Fwp%2Fv2%2Fmedia&parent=3713"}],"wp:term":[{"taxonomy":"product_brand","embeddable":true,"href":"https:\/\/diennangluongmattroihanam.com\/index.php?rest_route=%2Fwp%2Fv2%2Fproduct_brand&post=3713"},{"taxonomy":"product_cat","embeddable":true,"href":"https:\/\/diennangluongmattroihanam.com\/index.php?rest_route=%2Fwp%2Fv2%2Fproduct_cat&post=3713"},{"taxonomy":"product_tag","embeddable":true,"href":"https:\/\/diennangluongmattroihanam.com\/index.php?rest_route=%2Fwp%2Fv2%2Fproduct_tag&post=3713"}],"curies":[{"name":"wp","href":"https:\/\/api.w.org\/{rel}","templated":true}]}}