{"id":3710,"date":"2025-11-11T15:19:27","date_gmt":"2025-11-11T08:19:27","guid":{"rendered":"https:\/\/diennangluongmattroihanam.com\/?post_type=product&#038;p=3710"},"modified":"2025-11-11T15:26:31","modified_gmt":"2025-11-11T08:26:31","slug":"luxpower-gen-6k","status":"publish","type":"product","link":"https:\/\/diennangluongmattroihanam.com\/?product=luxpower-gen-6k","title":{"rendered":"LUXPOWER GEN 6K"},"content":{"rendered":"","protected":false},"excerpt":{"rendered":"<p>Hybrid Inverter LuxPower GEN 6K v\u1edbi c\u00f4ng ngh\u1ec7 ti\u00ean ti\u1ebfn gi\u00fap t\u1ed1i \u01b0u h\u00f3a vi\u1ec7c s\u1eed d\u1ee5ng n\u0103ng l\u01b0\u1ee3ng m\u1eb7t tr\u1eddi v\u00e0 qu\u1ea3n l\u00fd l\u01b0u tr\u1eef \u0111i\u1ec7n, \u0111\u1ea3m b\u1ea3o h\u1ec7 th\u1ed1ng ho\u1ea1t \u0111\u1ed9ng \u1ed5n \u0111\u1ecbnh v\u00e0 hi\u1ec7u qu\u1ea3.<\/p>\n<p>\u2013 T\u1ec9 l\u1ec7 PV l\u1eafp \u0111\u1eb7t 200%, thu \u0111\u01b0\u1ee3c 150% li\u00ean t\u1ee5c<\/p>\n<p>\u2013 PV \u0111\u1ea7u v\u00e0o 18A\/18A ph\u00f9 h\u1ee3p v\u1edbi t\u1ea5t c\u1ea3 c\u00e1c t\u1ea5m pin<\/p>\n<p>\u2013 C\u00f4ng su\u1ea5t s\u1ea1c, x\u1ea3 125\/140A, 6kW li\u00ean t\u1ee5c<\/p>\n<p>\u2013 H\u1ed7 tr\u1ee3 song song 1 pha ho\u1eb7c 3 pha<\/p>\n<p>\u2013 C\u1ed5ng EPS ch\u1ecbu t\u1ea3i 90A (20kW) khi c\u00f3 l\u01b0\u1edbi<\/p>\n<p>\u2013 H\u1ed7 tr\u1ee3 m\u00e1y ph\u00e1t \u0111\u1ea7u v\u00e0o Generator v\u00e0 \u0111i\u1ec1u khi\u1ec3n t\u1ea3i th\u00f4ng minh Smartload<\/p>\n<p>\u2013 Cho ph\u00e9p ch\u1ea1y AC Couple g\u1eafn th\u00eam h\u00f2a l\u01b0\u1edbi t\u0103ng c\u00f4ng su\u1ea5t AC<\/p>\n<p>\u2013 Thi\u1ebft k\u1ebf IP65 d\u00f9ng c\u1ea3 trong nh\u00e0 v\u00e0 ngo\u00e0i tr\u1eddi<\/p>\n<p>\u2013 B\u1ea3o h\u00e0nh m\u1eb7c \u0111\u1ecbnh 5 n\u0103m, 10 n\u0103m v\u1edbi HINAESS<\/p>\n<p>\u2013 Gi\u00e1m s\u00e1t th\u1eddi gian th\u1ef1c 24\/7 th\u00f4ng qua \u1ee9ng d\u1ee5ng v\u00e0 web LUX mi\u1ec5n ph\u00ed<\/p>\n","protected":false},"featured_media":3711,"template":"","meta":{"_acf_changed":false},"product_brand":[],"product_cat":[47,197],"product_tag":[],"class_list":{"0":"post-3710","1":"product","2":"type-product","3":"status-publish","4":"has-post-thumbnail","6":"product_cat-chua-phan-loai","7":"product_cat-hang-moi-ve","9":"first","10":"instock","11":"shipping-taxable","12":"product-type-simple"},"acf":[],"_links":{"self":[{"href":"https:\/\/diennangluongmattroihanam.com\/index.php?rest_route=\/wp\/v2\/product\/3710","targetHints":{"allow":["GET"]}}],"collection":[{"href":"https:\/\/diennangluongmattroihanam.com\/index.php?rest_route=\/wp\/v2\/product"}],"about":[{"href":"https:\/\/diennangluongmattroihanam.com\/index.php?rest_route=\/wp\/v2\/types\/product"}],"wp:featuredmedia":[{"embeddable":true,"href":"https:\/\/diennangluongmattroihanam.com\/index.php?rest_route=\/wp\/v2\/media\/3711"}],"wp:attachment":[{"href":"https:\/\/diennangluongmattroihanam.com\/index.php?rest_route=%2Fwp%2Fv2%2Fmedia&parent=3710"}],"wp:term":[{"taxonomy":"product_brand","embeddable":true,"href":"https:\/\/diennangluongmattroihanam.com\/index.php?rest_route=%2Fwp%2Fv2%2Fproduct_brand&post=3710"},{"taxonomy":"product_cat","embeddable":true,"href":"https:\/\/diennangluongmattroihanam.com\/index.php?rest_route=%2Fwp%2Fv2%2Fproduct_cat&post=3710"},{"taxonomy":"product_tag","embeddable":true,"href":"https:\/\/diennangluongmattroihanam.com\/index.php?rest_route=%2Fwp%2Fv2%2Fproduct_tag&post=3710"}],"curies":[{"name":"wp","href":"https:\/\/api.w.org\/{rel}","templated":true}]}}