{"id":3707,"date":"2025-11-11T14:40:57","date_gmt":"2025-11-11T07:40:57","guid":{"rendered":"https:\/\/diennangluongmattroihanam.com\/?post_type=product&#038;p=3707"},"modified":"2025-11-11T15:27:03","modified_gmt":"2025-11-11T08:27:03","slug":"luxpower-gen2-6k","status":"publish","type":"product","link":"https:\/\/diennangluongmattroihanam.com\/?product=luxpower-gen2-6k","title":{"rendered":"LUXPOWER GEN2 6K"},"content":{"rendered":"","protected":false},"excerpt":{"rendered":"<div class=\"content\">\n<div dir=\"auto\">GEN2 6K l\u00e0 phi\u00ean b\u1ea3n n\u00e2ng c\u1ea5p t\u1eeb d\u00f2ng inverter hybrid GEN 6K \u0111\u00ecnh \u0111\u00e1m c\u1ee7a LuxPower, nay \u0111\u01b0\u1ee3c trang b\u1ecb m\u1ed9t giao di\u1ec7n ho\u00e0n to\u00e0n m\u1edbi \u2013 hi\u1ec7n \u0111\u1ea1i h\u01a1n, tr\u1ef1c quan h\u01a1n v\u00e0 t\u1ed1i \u01b0u tr\u1ea3i nghi\u1ec7m ng\u01b0\u1eddi d\u00f9ng.<\/div>\n<div dir=\"auto\">\u2013 C\u00f4ng su\u1ea5t PV l\u1eafp \u0111\u1eb7t l\u00ean t\u1edbi 12kWp, \u0111\u00e1p \u1ee9ng c\u00e1c h\u1ec7 th\u1ed1ng quy m\u00f4 v\u1eeba v\u00e0 l\u1edbn.<\/div>\n<div dir=\"auto\">\u2013 Chuy\u1ec3n \u0111\u1ed5i hi\u1ec7u qu\u1ea3 \u2013 thu \u0111\u01b0\u1ee3c li\u00ean t\u1ee5c \u0111\u1ebfn 9.6kW t\u1eeb PV, t\u1eadn d\u1ee5ng t\u1ed1i \u0111a ngu\u1ed3n n\u0103ng l\u01b0\u1ee3ng.<\/div>\n<div dir=\"auto\">\u2013 D\u00f2ng ng\u1eafn m\u1ea1ch Isc l\u00ean t\u1edbi 32A, v\u00e0 d\u00f2ng ho\u1ea1t \u0111\u1ed9ng Imp 18A li\u00ean t\u1ee5c cho m\u1ed7i MPPT. Kh\u1ea3 n\u0103ng song song 2 MPPT \u0111\u1ec3 \u0111\u1ea1t Imp 36A, gi\u00fap t\u01b0\u01a1ng th\u00edch v\u1edbi nhi\u1ec1u lo\u1ea1i PV c\u00f4ng su\u1ea5t cao hi\u1ec7n c\u00f3.<\/div>\n<div dir=\"auto\">\u2013 D\u00f2ng x\u1ea3 pin l\u00ean \u0111\u1ebfn 140A, s\u1eb5n s\u00e0ng \u0111\u00e1p \u1ee9ng c\u00e1c t\u1ea3i cao trong gi\u1edd cao \u0111i\u1ec3m, t\u0103ng hi\u1ec7u qu\u1ea3 l\u01b0u tr\u1eef v\u00e0 s\u1eed d\u1ee5ng \u0111i\u1ec7n.<\/div>\n<div dir=\"auto\">\n<div dir=\"auto\">\u2013 T\u00edch h\u1ee3p ch\u1ed1ng s\u00e9t DC\/AC Type III, b\u1ea3o v\u1ec7 kh\u1ecfi xung \u0111i\u1ec7n \u00e1p \u0111\u1ed9t ng\u1ed9t do s\u00e9t \u0111\u00e1nh, gi\u1ea3m r\u1ee7i ro h\u01b0 h\u1ecfng inverter v\u00e0 h\u1ec7 th\u1ed1ng.<\/div>\n<div dir=\"auto\">\u2013 Chu\u1ea9n ch\u1ed1ng n\u01b0\u1edbc v\u00e0 b\u1ee5i IP65, b\u1ec1n b\u1ec9 trong m\u1ecdi \u0111i\u1ec1u ki\u1ec7n th\u1eddi ti\u1ebft \u2013 l\u1eafp ngo\u00e0i tr\u1eddi ho\u00e0n to\u00e0n y\u00ean t\u00e2m.<\/div>\n<div dir=\"auto\">\u2013 M\u00e0n h\u00ecnh ph\u1ea3n h\u1ed3i si\u00eau nhanh: 3 l\u1ea7n\/gi\u00e2y, gi\u00fap gi\u00e1m s\u00e1t t\u1ee9c th\u1eddi v\u00e0 ch\u00ednh x\u00e1c t\u00ecnh tr\u1ea1ng h\u1ec7 th\u1ed1ng.<\/div>\n<div dir=\"auto\">\u2013 H\u1ed7 tr\u1ee3 h\u00f2a l\u01b0\u1edbi tr\u00ean c\u1ed5ng GEN v\u1edbi c\u00f4ng su\u1ea5t l\u00ean t\u1edbi 9.2kW, \u0111\u1ea3m b\u1ea3o h\u1ec7 th\u1ed1ng lu\u00f4n ho\u1ea1t \u0111\u1ed9ng \u1edf tr\u1ea1ng th\u00e1i t\u1ed1i \u01b0u.<\/div>\n<\/div>\n<\/div>\n<div class=\"hot_line\">Hotline:\u00a0<strong><a href=\"tel:0911903965\">0911 903 965<\/a><\/strong><\/div>\n","protected":false},"featured_media":3708,"template":"","meta":{"_acf_changed":false},"product_brand":[],"product_cat":[47,197],"product_tag":[],"class_list":{"0":"post-3707","1":"product","2":"type-product","3":"status-publish","4":"has-post-thumbnail","6":"product_cat-chua-phan-loai","7":"product_cat-hang-moi-ve","9":"first","10":"instock","11":"shipping-taxable","12":"product-type-simple"},"acf":[],"_links":{"self":[{"href":"https:\/\/diennangluongmattroihanam.com\/index.php?rest_route=\/wp\/v2\/product\/3707","targetHints":{"allow":["GET"]}}],"collection":[{"href":"https:\/\/diennangluongmattroihanam.com\/index.php?rest_route=\/wp\/v2\/product"}],"about":[{"href":"https:\/\/diennangluongmattroihanam.com\/index.php?rest_route=\/wp\/v2\/types\/product"}],"wp:featuredmedia":[{"embeddable":true,"href":"https:\/\/diennangluongmattroihanam.com\/index.php?rest_route=\/wp\/v2\/media\/3708"}],"wp:attachment":[{"href":"https:\/\/diennangluongmattroihanam.com\/index.php?rest_route=%2Fwp%2Fv2%2Fmedia&parent=3707"}],"wp:term":[{"taxonomy":"product_brand","embeddable":true,"href":"https:\/\/diennangluongmattroihanam.com\/index.php?rest_route=%2Fwp%2Fv2%2Fproduct_brand&post=3707"},{"taxonomy":"product_cat","embeddable":true,"href":"https:\/\/diennangluongmattroihanam.com\/index.php?rest_route=%2Fwp%2Fv2%2Fproduct_cat&post=3707"},{"taxonomy":"product_tag","embeddable":true,"href":"https:\/\/diennangluongmattroihanam.com\/index.php?rest_route=%2Fwp%2Fv2%2Fproduct_tag&post=3707"}],"curies":[{"name":"wp","href":"https:\/\/api.w.org\/{rel}","templated":true}]}}