{"id":3666,"date":"2024-03-18T10:24:38","date_gmt":"2024-03-18T03:24:38","guid":{"rendered":"https:\/\/diennangluongmattroihanam.com\/?post_type=product&#038;p=3666"},"modified":"2024-03-18T10:24:39","modified_gmt":"2024-03-18T03:24:39","slug":"tam-pin-nang-luong-mat-troi-jinko-555w","status":"publish","type":"product","link":"https:\/\/diennangluongmattroihanam.com\/?product=tam-pin-nang-luong-mat-troi-jinko-555w","title":{"rendered":"T\u1ea5m pin n\u0103ng l\u01b0\u1ee3ng m\u1eb7t tr\u1eddi Jinko 555W"},"content":{"rendered":"<div class=\"content\">\n<p><strong>T\u1ea5m pin n\u0103ng l\u01b0\u1ee3ng m\u1eb7t tr\u1eddi Jinko 555W<\/strong>\u00a0th\u01b0\u01a1ng hi\u1ec7u Jinko Solar l\u00e0 d\u00f2ng pin \u0111\u01a1n tinh th\u1ec3 \u0111\u01b0\u1ee3c s\u1ea3n xu\u1ea5t theo c\u00f4ng ngh\u1ec7 Multi Busbars.<\/p>\n<p><strong>M\u00e3 s\u1ea3n ph\u1ea9m<\/strong>:\u00a0 JKM555M-72HL4-V<\/p>\n<p><strong>C\u00f4ng su\u1ea5t:<\/strong>\u00a0555 Wp<\/p>\n<p><strong>Lo\u1ea1i:<\/strong>\u00a0P type Mono-crystalline 144 cell<\/p>\n<p><strong>Hi\u1ec7u su\u1ea5t:<\/strong>\u00a021.48%<\/p>\n<p><strong>K\u00edch th\u01b0\u1edbc:<\/strong>\u00a02278 x 1134 x 35 mm<\/p>\n<p><strong>B\u1ea3o h\u00e0nh:<\/strong>\u00a012 n\u0103m v\u1eadt l\u00fd, 25 n\u0103m hi\u1ec7u su\u1ea5t<\/p>\n<\/div>\n<div class=\"hot_line\"><strong>Hotline: 0911.903.965<\/strong><\/div>\n","protected":false},"excerpt":{"rendered":"<p>T\u1ea5m pin n\u0103ng l\u01b0\u1ee3ng m\u1eb7t tr\u1eddi Jinko 555W\u00a0th\u01b0\u01a1ng hi\u1ec7u Jinko Solar l\u00e0 d\u00f2ng pin \u0111\u01a1n tinh th\u1ec3 \u0111\u01b0\u1ee3c s\u1ea3n xu\u1ea5t theo c\u00f4ng ngh\u1ec7 Multi Busbars. M\u00e3 s\u1ea3n ph\u1ea9m:\u00a0 JKM555M-72HL4-V C\u00f4ng su\u1ea5t:\u00a0555 Wp Lo\u1ea1i:\u00a0P type Mono-crystalline 144 cell Hi\u1ec7u su\u1ea5t:\u00a021.48% K\u00edch th\u01b0\u1edbc:\u00a02278 x 1134 x 35 mm B\u1ea3o h\u00e0nh:\u00a012 n\u0103m v\u1eadt l\u00fd, 25 n\u0103m hi\u1ec7u su\u1ea5t [&#8230;]\n","protected":false},"featured_media":3662,"template":"","meta":{"_acf_changed":false},"product_brand":[],"product_cat":[185],"product_tag":[208],"class_list":{"0":"post-3666","1":"product","2":"type-product","3":"status-publish","4":"has-post-thumbnail","6":"product_cat-danh-muc-san-pham","7":"product_tag-tam-pin-nang-luong-mat-troi","9":"first","10":"instock","11":"shipping-taxable","12":"product-type-simple"},"acf":[],"_links":{"self":[{"href":"https:\/\/diennangluongmattroihanam.com\/index.php?rest_route=\/wp\/v2\/product\/3666","targetHints":{"allow":["GET"]}}],"collection":[{"href":"https:\/\/diennangluongmattroihanam.com\/index.php?rest_route=\/wp\/v2\/product"}],"about":[{"href":"https:\/\/diennangluongmattroihanam.com\/index.php?rest_route=\/wp\/v2\/types\/product"}],"wp:featuredmedia":[{"embeddable":true,"href":"https:\/\/diennangluongmattroihanam.com\/index.php?rest_route=\/wp\/v2\/media\/3662"}],"wp:attachment":[{"href":"https:\/\/diennangluongmattroihanam.com\/index.php?rest_route=%2Fwp%2Fv2%2Fmedia&parent=3666"}],"wp:term":[{"taxonomy":"product_brand","embeddable":true,"href":"https:\/\/diennangluongmattroihanam.com\/index.php?rest_route=%2Fwp%2Fv2%2Fproduct_brand&post=3666"},{"taxonomy":"product_cat","embeddable":true,"href":"https:\/\/diennangluongmattroihanam.com\/index.php?rest_route=%2Fwp%2Fv2%2Fproduct_cat&post=3666"},{"taxonomy":"product_tag","embeddable":true,"href":"https:\/\/diennangluongmattroihanam.com\/index.php?rest_route=%2Fwp%2Fv2%2Fproduct_tag&post=3666"}],"curies":[{"name":"wp","href":"https:\/\/api.w.org\/{rel}","templated":true}]}}