{"id":1975,"date":"2020-06-01T16:01:45","date_gmt":"2020-06-01T09:01:45","guid":{"rendered":"https:\/\/diennangluongmattroihanam.com\/?page_id=1975"},"modified":"2020-08-14T11:26:46","modified_gmt":"2020-08-14T04:26:46","slug":"khuyen-mai","status":"publish","type":"page","link":"https:\/\/diennangluongmattroihanam.com\/?page_id=1975","title":{"rendered":"Khuy\u1ebfn m\u00e3i"},"content":{"rendered":"<div class=\"row\"  id=\"row-1373117187\">\n\n\t<div id=\"col-1097979180\" class=\"col medium-3 small-12 large-3\"  >\n\t\t\t\t<div class=\"col-inner\"  >\n\t\t\t\n\t\t\t\n<ul class=\"sidebar-wrapper ul-reset\"><aside id=\"nav_menu-6\" class=\"widget widget_nav_menu\"><span class=\"widget-title \"><span>Danh m\u1ee5c s\u1ea3n ph\u1ea9m<\/span><\/span><div class=\"is-divider small\"><\/div><div class=\"menu-danh-muc-san-pham-container\"><ul id=\"menu-danh-muc-san-pham\" class=\"menu\"><li id=\"menu-item-2623\" class=\"label-hot menu-item menu-item-type-taxonomy menu-item-object-product_cat menu-item-2623\"><a href=\"https:\/\/diennangluongmattroihanam.com\/?product_cat=khuyen-mai\"><img loading=\"lazy\" decoding=\"async\" width=\"30\" height=\"12\" src=\"https:\/\/diennangluongmattroihanam.com\/wp-content\/uploads\/2017\/10\/hot-1.gif\" class=\"_mi _before _image\" alt=\"\" aria-hidden=\"true\" \/><span>Khuy\u1ebfn m\u00e3i<\/span><\/a><\/li>\n<li id=\"menu-item-3492\" class=\"menu-item menu-item-type-taxonomy menu-item-object-product_cat menu-item-3492\"><a href=\"https:\/\/diennangluongmattroihanam.com\/?product_cat=lap-dien-mat-troi\">L\u1eaeP \u0110I\u1ec6N M\u1eb6T TR\u1edcI<\/a><\/li>\n<li id=\"menu-item-2622\" class=\"menu-item menu-item-type-taxonomy menu-item-object-product_cat menu-item-2622\"><a href=\"https:\/\/diennangluongmattroihanam.com\/?product_cat=tam-pin-mat-troi\"><i class=\"_mi _before dashicons dashicons-arrow-right\" aria-hidden=\"true\" style=\"font-size:1.3em;\"><\/i><span>T\u1ea5m Pin M\u1eb7t Tr\u1eddi<\/span><\/a><\/li>\n<li id=\"menu-item-2616\" class=\"menu-item menu-item-type-taxonomy menu-item-object-product_cat menu-item-2616\"><a href=\"https:\/\/diennangluongmattroihanam.com\/?product_cat=dieu-khien-sac\"><i class=\"_mi _before dashicons dashicons-arrow-right\" aria-hidden=\"true\" style=\"font-size:1.3em;\"><\/i><span>\u0110i\u1ec1u Khi\u1ec3n S\u1ea1c<\/span><\/a><\/li>\n<li id=\"menu-item-2617\" class=\"menu-item menu-item-type-taxonomy menu-item-object-product_cat menu-item-2617\"><a href=\"https:\/\/diennangluongmattroihanam.com\/?product_cat=may-bien-tan-hoa-luoi\"><i class=\"_mi _before dashicons dashicons-arrow-right\" aria-hidden=\"true\" style=\"font-size:1.3em;\"><\/i><span>M\u00e1y Bi\u1ebfn T\u1ea7n Ho\u00e0 L\u01b0\u1edbi<\/span><\/a><\/li>\n<li id=\"menu-item-3486\" class=\"menu-item menu-item-type-taxonomy menu-item-object-product_cat menu-item-3486\"><a href=\"https:\/\/diennangluongmattroihanam.com\/?product_cat=may-bien-tan-off-grid\">M\u00e1y Bi\u1ebfn T\u1ea7n Off Grid<\/a><\/li>\n<li id=\"menu-item-2613\" class=\"menu-item menu-item-type-taxonomy menu-item-object-product_cat menu-item-2613\"><a href=\"https:\/\/diennangluongmattroihanam.com\/?product_cat=bo-kich-dien-sin-chuan\"><i class=\"_mi _before dashicons dashicons-arrow-right\" aria-hidden=\"true\" style=\"font-size:1.3em;\"><\/i><span>B\u1ed9 K\u00edch \u0110i\u1ec7n Sin Chu\u1ea9n<\/span><\/a><\/li>\n<li id=\"menu-item-2620\" class=\"menu-item menu-item-type-taxonomy menu-item-object-product_cat menu-item-2620\"><a href=\"https:\/\/diennangluongmattroihanam.com\/?product_cat=quat-12v\"><i class=\"_mi _before dashicons dashicons-arrow-right\" aria-hidden=\"true\" style=\"font-size:1.3em;\"><\/i><span>Qu\u1ea1t T\u00edch \u0110i\u1ec7n NLMT<\/span><\/a><\/li>\n<li id=\"menu-item-2615\" class=\"menu-item menu-item-type-taxonomy menu-item-object-product_cat menu-item-2615\"><a href=\"https:\/\/diennangluongmattroihanam.com\/?product_cat=den-nang-luong-mat-troi\"><i class=\"_mi _before dashicons dashicons-arrow-right\" aria-hidden=\"true\" style=\"font-size:1.3em;\"><\/i><span>\u0110\u00e8n N\u0103ng L\u01b0\u1ee3ng M\u1eb7t Tr\u1eddi<\/span><\/a><\/li>\n<li id=\"menu-item-2973\" class=\"menu-item menu-item-type-taxonomy menu-item-object-product_cat menu-item-2973\"><a href=\"https:\/\/diennangluongmattroihanam.com\/?product_cat=kimthuset\"><i class=\"_mi _before dashicons dashicons-arrow-right\" aria-hidden=\"true\" style=\"font-size:1.3em;\"><\/i><span>THI\u1ebeT B\u1eca CH\u1ed0NG S\u00c9T<\/span><\/a><\/li>\n<li id=\"menu-item-2619\" class=\"menu-item menu-item-type-taxonomy menu-item-object-product_cat menu-item-2619\"><a href=\"https:\/\/diennangluongmattroihanam.com\/?product_cat=phu-kien-danh-muc-san-pham\"><i class=\"_mi _before dashicons dashicons-arrow-right\" aria-hidden=\"true\" style=\"font-size:1.3em;\"><\/i><span>Ph\u1ee5 Ki\u1ec7n<\/span><\/a><\/li>\n<\/ul><\/div><\/aside><aside id=\"custom_html-7\" class=\"widget_text widget widget_custom_html\"><div class=\"textwidget custom-html-widget\"><div class=\"call-us\">\r\n<div class=\"static-image\">\r\n<div class=\"item\"><img loading=\"lazy\" decoding=\"async\" class=\"size-full wp-image-1885 aligncenter\" src=\"https:\/\/diennangluongmattroihanam.com\/wp-content\/uploads\/2020\/03\/0000000028_a.png\" alt=\"\" width=\"496\" height=\"302\" srcset=\"https:\/\/diennangluongmattroihanam.com\/wp-content\/uploads\/2020\/03\/0000000028_a.png 496w, https:\/\/diennangluongmattroihanam.com\/wp-content\/uploads\/2020\/03\/0000000028_a-300x183.png 300w\" sizes=\"auto, (max-width: 496px) 100vw, 496px\" \/><\/div>\r\n<\/div>\r\n<div class=\"services-content\">\r\n<ul>\r\n \t<li>\r\n<div class=\"sv-icon\"><img decoding=\"async\" src=\"https:\/\/diennangluongmattroihanam.com\/wp-content\/uploads\/2018\/05\/icon-1-1.png\" alt=\"Icon Image\" \/><\/div>\r\n<div class=\"sv-content\">\r\n<h4>Giao h\u00e0ng mi\u1ec5n ph\u00ed<\/h4>\r\n\u0110\u1eb7t h\u00e0ng qu\u00e1 500.000 vn\u0111\r\n\r\n<\/div><\/li>\r\n \t<li>\r\n<div class=\"sv-icon\"><img decoding=\"async\" src=\"https:\/\/diennangluongmattroihanam.com\/wp-content\/uploads\/2018\/05\/icon-2-1.png\" alt=\"Icon Image\" \/><\/div>\r\n<div class=\"sv-content\">\r\n<h4>B\u1ea3o v\u1ec7 \u0111\u1eb7t h\u00e0ng<\/h4>\r\nTh\u00f4ng tin b\u1ea3o m\u1eadt\r\n\r\n<\/div><\/li>\r\n \t<li>\r\n<div class=\"sv-icon\"><img decoding=\"async\" src=\"https:\/\/diennangluongmattroihanam.com\/wp-content\/uploads\/2018\/05\/icon-3-1.png\" alt=\"Icon Image\" \/><\/div>\r\n<div class=\"sv-content\">\r\n<h4>Qu\u00e0 t\u1eb7ng khuy\u1ebfn m\u00e3i<\/h4>\r\n\u01afu \u0111\u00e3i \u0111\u1eb7c bi\u1ec7t\r\n\r\n<\/div><\/li>\r\n<\/ul>\r\n<\/div>\r\n<\/div><\/div><\/aside><aside id=\"woocommerce_products-3\" class=\"widget woocommerce widget_products\"><span class=\"widget-title \"><span>S\u1ea3n ph\u1ea9m n\u1ed5i b\u1eadt<\/span><\/span><div class=\"is-divider small\"><\/div><ul class=\"product_list_widget\"><li>\n\t\n\t<a href=\"https:\/\/diennangluongmattroihanam.com\/?product=luxpower-gen2-6k\">\n\t\t<img loading=\"lazy\" decoding=\"async\" width=\"100\" height=\"100\" src=\"https:\/\/diennangluongmattroihanam.com\/wp-content\/uploads\/2025\/11\/Lux-GEN-6K-100x100.png\" class=\"attachment-woocommerce_gallery_thumbnail size-woocommerce_gallery_thumbnail\" alt=\"LUXPOWER GEN2 6K\" srcset=\"https:\/\/diennangluongmattroihanam.com\/wp-content\/uploads\/2025\/11\/Lux-GEN-6K-100x100.png 100w, https:\/\/diennangluongmattroihanam.com\/wp-content\/uploads\/2025\/11\/Lux-GEN-6K-300x300.png 300w, https:\/\/diennangluongmattroihanam.com\/wp-content\/uploads\/2025\/11\/Lux-GEN-6K-1024x1024.png 1024w, https:\/\/diennangluongmattroihanam.com\/wp-content\/uploads\/2025\/11\/Lux-GEN-6K-150x150.png 150w, https:\/\/diennangluongmattroihanam.com\/wp-content\/uploads\/2025\/11\/Lux-GEN-6K-768x768.png 768w, https:\/\/diennangluongmattroihanam.com\/wp-content\/uploads\/2025\/11\/Lux-GEN-6K-600x600.png 600w, https:\/\/diennangluongmattroihanam.com\/wp-content\/uploads\/2025\/11\/Lux-GEN-6K.png 1080w\" sizes=\"auto, (max-width: 100px) 100vw, 100px\" \/>\t\t<span class=\"product-title\">LUXPOWER GEN2 6K<\/span>\n\t<\/a>\n\n\t\t\t\t\n\t<span class=\"amount\">Gi\u00e1: li\u00ean h\u1ec7<\/span>\n\t<\/li>\n<li>\n\t\n\t<a href=\"https:\/\/diennangluongmattroihanam.com\/?product=luxpower-hybrid-sna-5k\">\n\t\t<img loading=\"lazy\" decoding=\"async\" width=\"100\" height=\"100\" src=\"https:\/\/diennangluongmattroihanam.com\/wp-content\/uploads\/2025\/11\/Lux-SNA-5K-100x100.png\" class=\"attachment-woocommerce_gallery_thumbnail size-woocommerce_gallery_thumbnail\" alt=\"LUXPOWER HYBRID SNA 5K\" srcset=\"https:\/\/diennangluongmattroihanam.com\/wp-content\/uploads\/2025\/11\/Lux-SNA-5K-100x100.png 100w, https:\/\/diennangluongmattroihanam.com\/wp-content\/uploads\/2025\/11\/Lux-SNA-5K-300x300.png 300w, https:\/\/diennangluongmattroihanam.com\/wp-content\/uploads\/2025\/11\/Lux-SNA-5K-1024x1024.png 1024w, https:\/\/diennangluongmattroihanam.com\/wp-content\/uploads\/2025\/11\/Lux-SNA-5K-150x150.png 150w, https:\/\/diennangluongmattroihanam.com\/wp-content\/uploads\/2025\/11\/Lux-SNA-5K-768x768.png 768w, https:\/\/diennangluongmattroihanam.com\/wp-content\/uploads\/2025\/11\/Lux-SNA-5K-600x600.png 600w, https:\/\/diennangluongmattroihanam.com\/wp-content\/uploads\/2025\/11\/Lux-SNA-5K.png 1080w\" sizes=\"auto, (max-width: 100px) 100vw, 100px\" \/>\t\t<span class=\"product-title\">LUXPOWER HYBRID SNA 5K<\/span>\n\t<\/a>\n\n\t\t\t\t\n\t<span class=\"amount\">Gi\u00e1: li\u00ean h\u1ec7<\/span>\n\t<\/li>\n<li>\n\t\n\t<a href=\"https:\/\/diennangluongmattroihanam.com\/?product=tam-pin-nang-luong-mat-troi-ae-solar-580w-2-mat-kinh-cao-cap\">\n\t\t<img loading=\"lazy\" decoding=\"async\" width=\"100\" height=\"100\" src=\"https:\/\/diennangluongmattroihanam.com\/wp-content\/uploads\/2025\/01\/AE580-100x100.png\" class=\"attachment-woocommerce_gallery_thumbnail size-woocommerce_gallery_thumbnail\" alt=\"T\u1ea5m pin n\u0103ng l\u01b0\u1ee3ng m\u1eb7t tr\u1eddi AE Solar 580W 2 M\u1eb7t K\u00ednh Cao C\u1ea5p\" srcset=\"https:\/\/diennangluongmattroihanam.com\/wp-content\/uploads\/2025\/01\/AE580-100x100.png 100w, https:\/\/diennangluongmattroihanam.com\/wp-content\/uploads\/2025\/01\/AE580-300x300.png 300w, https:\/\/diennangluongmattroihanam.com\/wp-content\/uploads\/2025\/01\/AE580-1024x1024.png 1024w, https:\/\/diennangluongmattroihanam.com\/wp-content\/uploads\/2025\/01\/AE580-150x150.png 150w, https:\/\/diennangluongmattroihanam.com\/wp-content\/uploads\/2025\/01\/AE580-768x768.png 768w, https:\/\/diennangluongmattroihanam.com\/wp-content\/uploads\/2025\/01\/AE580-600x600.png 600w, https:\/\/diennangluongmattroihanam.com\/wp-content\/uploads\/2025\/01\/AE580.png 1080w\" sizes=\"auto, (max-width: 100px) 100vw, 100px\" \/>\t\t<span class=\"product-title\">T\u1ea5m pin n\u0103ng l\u01b0\u1ee3ng m\u1eb7t tr\u1eddi AE Solar 580W 2 M\u1eb7t K\u00ednh Cao C\u1ea5p<\/span>\n\t<\/a>\n\n\t\t\t\t\n\t<span class=\"amount\">Gi\u00e1: li\u00ean h\u1ec7<\/span>\n\t<\/li>\n<li>\n\t\n\t<a href=\"https:\/\/diennangluongmattroihanam.com\/?product=luxpower-hybrid-sna-6k\">\n\t\t<img loading=\"lazy\" decoding=\"async\" width=\"100\" height=\"100\" src=\"https:\/\/diennangluongmattroihanam.com\/wp-content\/uploads\/2025\/11\/Lux-SNA-6K-100x100.png\" class=\"attachment-woocommerce_gallery_thumbnail size-woocommerce_gallery_thumbnail\" alt=\"LUXPOWER HYBRID SNA 6K\" srcset=\"https:\/\/diennangluongmattroihanam.com\/wp-content\/uploads\/2025\/11\/Lux-SNA-6K-100x100.png 100w, https:\/\/diennangluongmattroihanam.com\/wp-content\/uploads\/2025\/11\/Lux-SNA-6K-300x300.png 300w, https:\/\/diennangluongmattroihanam.com\/wp-content\/uploads\/2025\/11\/Lux-SNA-6K-1024x1024.png 1024w, https:\/\/diennangluongmattroihanam.com\/wp-content\/uploads\/2025\/11\/Lux-SNA-6K-150x150.png 150w, https:\/\/diennangluongmattroihanam.com\/wp-content\/uploads\/2025\/11\/Lux-SNA-6K-768x768.png 768w, https:\/\/diennangluongmattroihanam.com\/wp-content\/uploads\/2025\/11\/Lux-SNA-6K-600x600.png 600w, https:\/\/diennangluongmattroihanam.com\/wp-content\/uploads\/2025\/11\/Lux-SNA-6K.png 1080w\" sizes=\"auto, (max-width: 100px) 100vw, 100px\" \/>\t\t<span class=\"product-title\">LUXPOWER HYBRID SNA 6K<\/span>\n\t<\/a>\n\n\t\t\t\t\n\t<span class=\"amount\">Gi\u00e1: li\u00ean h\u1ec7<\/span>\n\t<\/li>\n<li>\n\t\n\t<a href=\"https:\/\/diennangluongmattroihanam.com\/?product=luxpower-gen-6k\">\n\t\t<img loading=\"lazy\" decoding=\"async\" width=\"100\" height=\"100\" src=\"https:\/\/diennangluongmattroihanam.com\/wp-content\/uploads\/2025\/11\/Lux-GEN-6K-1-100x100.png\" class=\"attachment-woocommerce_gallery_thumbnail size-woocommerce_gallery_thumbnail\" alt=\"LUXPOWER GEN 6K\" srcset=\"https:\/\/diennangluongmattroihanam.com\/wp-content\/uploads\/2025\/11\/Lux-GEN-6K-1-100x100.png 100w, https:\/\/diennangluongmattroihanam.com\/wp-content\/uploads\/2025\/11\/Lux-GEN-6K-1-300x300.png 300w, https:\/\/diennangluongmattroihanam.com\/wp-content\/uploads\/2025\/11\/Lux-GEN-6K-1-1024x1024.png 1024w, https:\/\/diennangluongmattroihanam.com\/wp-content\/uploads\/2025\/11\/Lux-GEN-6K-1-150x150.png 150w, https:\/\/diennangluongmattroihanam.com\/wp-content\/uploads\/2025\/11\/Lux-GEN-6K-1-768x768.png 768w, https:\/\/diennangluongmattroihanam.com\/wp-content\/uploads\/2025\/11\/Lux-GEN-6K-1-600x600.png 600w, https:\/\/diennangluongmattroihanam.com\/wp-content\/uploads\/2025\/11\/Lux-GEN-6K-1.png 1080w\" sizes=\"auto, (max-width: 100px) 100vw, 100px\" \/>\t\t<span class=\"product-title\">LUXPOWER GEN 6K<\/span>\n\t<\/a>\n\n\t\t\t\t\n\t<span class=\"amount\">Gi\u00e1: li\u00ean h\u1ec7<\/span>\n\t<\/li>\n<\/ul><\/aside><\/ul>\n\t\t<\/div>\n\t\t\t\t\t<\/div>\n\n\t\n\n\t<div id=\"col-1738295914\" class=\"col medium-9 small-12 large-9\"  >\n\t\t\t\t<div class=\"col-inner\"  >\n\t\t\t\n\t\t\t\n<div class=\"container section-title-container\" ><h3 class=\"section-title section-title-normal\"><b><\/b><span class=\"section-title-main\" >Khuy\u1ebfn M\u00e3i<\/span><b><\/b><\/h3><\/div>\n\n  \n    <div class=\"row large-columns-4 medium-columns-3 small-columns-2 row-small has-shadow row-box-shadow-1 row-box-shadow-2-hover\">\n  \t<\/div>\n\t\t<\/div>\n\t\t\t\t\t<\/div>\n\n\t\n<\/div>\n","protected":false},"excerpt":{"rendered":"","protected":false},"author":12629,"featured_media":0,"parent":0,"menu_order":0,"comment_status":"closed","ping_status":"closed","template":"","meta":{"_acf_changed":false,"footnotes":""},"class_list":["post-1975","page","type-page","status-publish","hentry"],"acf":[],"_links":{"self":[{"href":"https:\/\/diennangluongmattroihanam.com\/index.php?rest_route=\/wp\/v2\/pages\/1975","targetHints":{"allow":["GET"]}}],"collection":[{"href":"https:\/\/diennangluongmattroihanam.com\/index.php?rest_route=\/wp\/v2\/pages"}],"about":[{"href":"https:\/\/diennangluongmattroihanam.com\/index.php?rest_route=\/wp\/v2\/types\/page"}],"author":[{"embeddable":true,"href":"https:\/\/diennangluongmattroihanam.com\/index.php?rest_route=\/wp\/v2\/users\/12629"}],"replies":[{"embeddable":true,"href":"https:\/\/diennangluongmattroihanam.com\/index.php?rest_route=%2Fwp%2Fv2%2Fcomments&post=1975"}],"version-history":[{"count":3,"href":"https:\/\/diennangluongmattroihanam.com\/index.php?rest_route=\/wp\/v2\/pages\/1975\/revisions"}],"predecessor-version":[{"id":2626,"href":"https:\/\/diennangluongmattroihanam.com\/index.php?rest_route=\/wp\/v2\/pages\/1975\/revisions\/2626"}],"wp:attachment":[{"href":"https:\/\/diennangluongmattroihanam.com\/index.php?rest_route=%2Fwp%2Fv2%2Fmedia&parent=1975"}],"curies":[{"name":"wp","href":"https:\/\/api.w.org\/{rel}","templated":true}]}}